{"id":861,"date":"2022-01-28T07:05:56","date_gmt":"2022-01-28T07:05:56","guid":{"rendered":"https:\/\/datasignmarketing.com\/a-propos\/"},"modified":"2024-01-28T00:09:22","modified_gmt":"2024-01-28T00:09:22","slug":"a-propos","status":"publish","type":"page","link":"https:\/\/datasignmarketing.com\/fr\/a-propos\/","title":{"rendered":"\u00c0 propos de notre agence marketing"},"content":{"rendered":"<p>[et_pb_section fb_built=\u00a0\u00bb1&Prime; _builder_version=\u00a0\u00bb4.16&Prime; _module_preset=\u00a0\u00bbdefault\u00a0\u00bb use_background_color_gradient=\u00a0\u00bbon\u00a0\u00bb background_color_gradient_direction=\u00a0\u00bb90deg\u00a0\u00bb background_color_gradient_stops=\u00a0\u00bb#ffffff 0%|rgba(255,255,255,0) 83%\u00a0\u00bb background_color_gradient_overlays_image=\u00a0\u00bbon\u00a0\u00bb background_color_gradient_start=\u00a0\u00bb#ffffff\u00a0\u00bb background_color_gradient_end=\u00a0\u00bbrgba(255,255,255,0)\u00a0\u00bb background_color_gradient_end_position=\u00a0\u00bb83%\u00a0\u00bb background_image=\u00a0\u00bbhttps:\/\/datasignmarketing.com\/wp-content\/uploads\/2022\/01\/jean-philippe-delberghe-75xPHEQBmvA-unsplash-scaled-e1643352334481.jpg\u00a0\u00bb global_colors_info=\u00a0\u00bb{}\u00a0\u00bb][et_pb_row _builder_version=\u00a0\u00bb4.16&Prime; _module_preset=\u00a0\u00bbdefault\u00a0\u00bb global_colors_info=\u00a0\u00bb{}\u00a0\u00bb][et_pb_column type=\u00a0\u00bb4_4&Prime; _builder_version=\u00a0\u00bb4.16&Prime; _module_preset=\u00a0\u00bbdefault\u00a0\u00bb global_colors_info=\u00a0\u00bb{}\u00a0\u00bb][et_pb_text _builder_version=\u00a0\u00bb4.16&Prime; _module_preset=\u00a0\u00bbdefault\u00a0\u00bb header_font_size=\u00a0\u00bb2.8em\u00a0\u00bb header_2_font_size=\u00a0\u00bb2em\u00a0\u00bb header_font_size_tablet=\u00a0\u00bb2.8em\u00a0\u00bb header_font_size_phone=\u00a0\u00bb2.2em\u00a0\u00bb header_font_size_last_edited=\u00a0\u00bbon|phone\u00a0\u00bb global_colors_info=\u00a0\u00bb{}\u00a0\u00bb]<\/p>\n<h2><span style=\"font-weight: 400;\">Perspicaces au niveau des donn\u00e9es, convaincants sur le plan conc\u00e9ption<\/span><\/h2>\n<h1><span style=\"font-weight: 400;\">Marketing, D\u00e9veloppement, &amp; Strat\u00e9gie<\/span><\/h1>\n<p>&nbsp;<\/p>\n<p>[\/et_pb_text][\/et_pb_column][\/et_pb_row][\/et_pb_section][et_pb_section fb_built=\u00a0\u00bb1&Prime; _builder_version=\u00a0\u00bb4.16&Prime; _module_preset=\u00a0\u00bbdefault\u00a0\u00bb background_enable_color=\u00a0\u00bboff\u00a0\u00bb background_color_gradient_direction=\u00a0\u00bb90deg\u00a0\u00bb background_color_gradient_start=\u00a0\u00bb#ffffff\u00a0\u00bb background_color_gradient_end=\u00a0\u00bb#000000&Prime; module_alignment=\u00a0\u00bbcenter\u00a0\u00bb custom_margin=\u00a0\u00bb0px||0px||false|false\u00a0\u00bb custom_padding=\u00a0\u00bb0px||0px||false|false\u00a0\u00bb global_colors_info=\u00a0\u00bb{}\u00a0\u00bb][et_pb_row column_structure=\u00a0\u00bb1_2,1_2&Prime; use_custom_gutter=\u00a0\u00bbon\u00a0\u00bb gutter_width=\u00a0\u00bb1&Prime; make_equal=\u00a0\u00bbon\u00a0\u00bb _builder_version=\u00a0\u00bb4.16&Prime; _module_preset=\u00a0\u00bbdefault\u00a0\u00bb background_enable_color=\u00a0\u00bboff\u00a0\u00bb background_color_gradient_direction=\u00a0\u00bb90deg\u00a0\u00bb background_color_gradient_start=\u00a0\u00bb#000000&Prime; background_color_gradient_end=\u00a0\u00bb#ffffff\u00a0\u00bb width=\u00a0\u00bb100%\u00a0\u00bb module_alignment=\u00a0\u00bbcenter\u00a0\u00bb custom_margin=\u00a0\u00bb||||false|false\u00a0\u00bb custom_padding=\u00a0\u00bb0px||0px||false|false\u00a0\u00bb global_colors_info=\u00a0\u00bb{}\u00a0\u00bb][et_pb_column type=\u00a0\u00bb1_2&Prime; _builder_version=\u00a0\u00bb4.16&Prime; _module_preset=\u00a0\u00bbdefault\u00a0\u00bb background_enable_color=\u00a0\u00bboff\u00a0\u00bb custom_padding=\u00a0\u00bb0em||0em||false|false\u00a0\u00bb global_colors_info=\u00a0\u00bb{}\u00a0\u00bb][et_pb_text _builder_version=\u00a0\u00bb4.16&Prime; _module_preset=\u00a0\u00bbdefault\u00a0\u00bb text_font_size=\u00a0\u00bb18px\u00a0\u00bb text_line_height=\u00a0\u00bb1.6em\u00a0\u00bb custom_margin=\u00a0\u00bb|7px||7px|false|true\u00a0\u00bb custom_padding=\u00a0\u00bb3em|2vw|3em|2vw|true|true\u00a0\u00bb custom_padding_tablet=\u00a0\u00bb1em|4vw|1em|4vw|true|true\u00a0\u00bb custom_padding_phone=\u00a0\u00bb1em|4vw|1em|4vw|true|true\u00a0\u00bb custom_padding_last_edited=\u00a0\u00bbon|phone\u00a0\u00bb text_font_size_tablet=\u00a0\u00bb18px\u00a0\u00bb text_font_size_phone=\u00a0\u00bb16px\u00a0\u00bb text_font_size_last_edited=\u00a0\u00bbon|phone\u00a0\u00bb global_colors_info=\u00a0\u00bb{}\u00a0\u00bb]<\/p>\n<p style=\"text-align: center;\"><span>Datasign Marketing est n\u00e9 de deux parties d&rsquo;un diagramme de Venn. Un esprit technique et une imagination cr\u00e9ative se sont r\u00e9unis pour \u00e9laborer des strat\u00e9gies uniques de r\u00e9solution de probl\u00e8mes pour les besoins de chaque client. Nos conceptions de marque sont innovantes, le contenu que nous fournissons est convaincant et nos strat\u00e9gies sont soutenues par des informations bas\u00e9es sur des donn\u00e9es, visant \u00e0 atteindre vos objectifs commerciaux. Nos tactiques sont efficaces parce qu&rsquo;elles se concentrent sur l&rsquo;\u00e9tablissement de relations durables avec des humains.<\/span><\/p>\n<p>[\/et_pb_text][\/et_pb_column][et_pb_column type=\u00a0\u00bb1_2&Prime; _builder_version=\u00a0\u00bb4.16&Prime; _module_preset=\u00a0\u00bbdefault\u00a0\u00bb background_color=\u00a0\u00bb#000000&Prime; custom_padding=\u00a0\u00bb|1em||1em|false|true\u00a0\u00bb global_colors_info=\u00a0\u00bb{}\u00a0\u00bb][et_pb_text _builder_version=\u00a0\u00bb4.16&Prime; _module_preset=\u00a0\u00bbdefault\u00a0\u00bb header_text_align=\u00a0\u00bbcenter\u00a0\u00bb header_2_text_align=\u00a0\u00bbcenter\u00a0\u00bb header_2_text_color=\u00a0\u00bb#FFFFFF\u00a0\u00bb header_2_font_size=\u00a0\u00bb4vw\u00a0\u00bb header_2_letter_spacing=\u00a0\u00bb0.2em\u00a0\u00bb header_2_line_height=\u00a0\u00bb1.1em\u00a0\u00bb background_color=\u00a0\u00bb#000000&Prime; text_orientation=\u00a0\u00bbcenter\u00a0\u00bb module_alignment=\u00a0\u00bbcenter\u00a0\u00bb custom_margin=\u00a0\u00bb0px||0px||false|false\u00a0\u00bb custom_padding=\u00a0\u00bb3em||3em||true|false\u00a0\u00bb custom_padding_tablet=\u00a0\u00bb3em||3em||true|false\u00a0\u00bb custom_padding_phone=\u00a0\u00bb2em||2em||true|false\u00a0\u00bb custom_padding_last_edited=\u00a0\u00bbon|tablet\u00a0\u00bb global_colors_info=\u00a0\u00bb{}\u00a0\u00bb]<\/p>\n<h2 style=\"text-align: center;\">Data + Design =<\/h2>\n<h2 style=\"text-align: center;\">Mark\u00e9ting<\/h2>\n<p>[\/et_pb_text][\/et_pb_column][\/et_pb_row][\/et_pb_section][et_pb_section fb_built=\u00a0\u00bb1&Prime; _builder_version=\u00a0\u00bb4.16&Prime; _module_preset=\u00a0\u00bbdefault\u00a0\u00bb custom_margin=\u00a0\u00bb0px||0px||false|false\u00a0\u00bb custom_padding=\u00a0\u00bb0px||0px||false|false\u00a0\u00bb global_colors_info=\u00a0\u00bb{}\u00a0\u00bb][et_pb_row _builder_version=\u00a0\u00bb4.16&Prime; _module_preset=\u00a0\u00bbdefault\u00a0\u00bb custom_margin=\u00a0\u00bb0px||0px||false|false\u00a0\u00bb custom_padding=\u00a0\u00bb0px||0px||false|false\u00a0\u00bb global_colors_info=\u00a0\u00bb{}\u00a0\u00bb][et_pb_column type=\u00a0\u00bb4_4&Prime; _builder_version=\u00a0\u00bb4.16&Prime; _module_preset=\u00a0\u00bbdefault\u00a0\u00bb global_colors_info=\u00a0\u00bb{}\u00a0\u00bb][et_pb_image src=\u00a0\u00bbhttps:\/\/datasignmarketing.com\/wp-content\/uploads\/2022\/02\/CustomerJourney-01.png\u00a0\u00bb title_text=\u00a0\u00bbCustomerJourney-01&Prime; align=\u00a0\u00bbcenter\u00a0\u00bb _builder_version=\u00a0\u00bb4.16&Prime; _module_preset=\u00a0\u00bbdefault\u00a0\u00bb global_colors_info=\u00a0\u00bb{}\u00a0\u00bb][\/et_pb_image][et_pb_text _builder_version=\u00a0\u00bb4.16&Prime; _module_preset=\u00a0\u00bbdefault\u00a0\u00bb text_font_size=\u00a0\u00bb18px\u00a0\u00bb text_line_height=\u00a0\u00bb1.6em\u00a0\u00bb custom_margin=\u00a0\u00bb|7px||7px|false|true\u00a0\u00bb custom_padding=\u00a0\u00bb0em|2vw|0em|2vw|true|true\u00a0\u00bb custom_padding_tablet=\u00a0\u00bb1em|4vw|1em|4vw|true|true\u00a0\u00bb custom_padding_phone=\u00a0\u00bb1em|4vw|1em|4vw|true|true\u00a0\u00bb custom_padding_last_edited=\u00a0\u00bbon|phone\u00a0\u00bb text_font_size_tablet=\u00a0\u00bb18px\u00a0\u00bb text_font_size_phone=\u00a0\u00bb16px\u00a0\u00bb text_font_size_last_edited=\u00a0\u00bbon|phone\u00a0\u00bb global_colors_info=\u00a0\u00bb{}\u00a0\u00bb]<\/p>\n<p class=\"lead\">Nous abordons chaque projet avec un plan adapt\u00e9 \u00e0 vos besoins. Apprendre \u00e0 conna\u00eetre votre organisation et apprendre \u00e0 vous conna\u00eetre, vous et votre \u00e9quipe, sont des \u00e9l\u00e9ments tr\u00e8s importants dans notre processus. Nos strat\u00e9gies sont formul\u00e9es avec une intention et des informations qui d\u00e9coulent des analyses de donn\u00e9es, et nous les ex\u00e9cutons avec des ressources cr\u00e9atives qui mettent ces connaissances en valeur et font bonne impression.<\/p>\n<p class=\"lead\">Nous d\u00e9ployons tous les efforts pour bien faire. Nous sommes toujours ouverts \u00e0 apprendre davantage, et nous sommes engag\u00e9s dans la croissance personnelle de nos employ\u00e9s et nos clients. Nous d\u00e9ployons tous les efforts pour faire encore mieux le lendemain. Tous les jours.<\/p>\n<p>[\/et_pb_text][et_pb_image src=\u00a0\u00bbhttps:\/\/datasignmarketing.com\/wp-content\/uploads\/2022\/01\/DatasignMarketingLogos_TriangleVenn-150&#215;150.png\u00a0\u00bb title_text=\u00a0\u00bbDatasignMarketingLogos_TriangleVenn\u00a0\u00bb align=\u00a0\u00bbcenter\u00a0\u00bb _builder_version=\u00a0\u00bb4.16&Prime; _module_preset=\u00a0\u00bbdefault\u00a0\u00bb global_colors_info=\u00a0\u00bb{}\u00a0\u00bb][\/et_pb_image][difl_imagemask _builder_version=\u00a0\u00bb4.16&Prime; _module_preset=\u00a0\u00bbdefault\u00a0\u00bb global_colors_info=\u00a0\u00bb{}\u00a0\u00bb][\/difl_imagemask][\/et_pb_column][\/et_pb_row][\/et_pb_section][et_pb_section fb_built=\u00a0\u00bb1&Prime; _builder_version=\u00a0\u00bb4.16&Prime; _module_preset=\u00a0\u00bbdefault\u00a0\u00bb global_colors_info=\u00a0\u00bb{}\u00a0\u00bb][et_pb_row column_structure=\u00a0\u00bb1_2,1_2&Prime; _builder_version=\u00a0\u00bb4.16&Prime; _module_preset=\u00a0\u00bbdefault\u00a0\u00bb global_colors_info=\u00a0\u00bb{}\u00a0\u00bb][et_pb_column type=\u00a0\u00bb1_2&Prime; _builder_version=\u00a0\u00bb4.16&Prime; _module_preset=\u00a0\u00bbdefault\u00a0\u00bb global_colors_info=\u00a0\u00bb{}\u00a0\u00bb][et_pb_blog posts_number=\u00a0\u00bb1&Prime; include_categories=\u00a0\u00bb10&Prime; excerpt_length=\u00a0\u00bb120&Prime; show_author=\u00a0\u00bboff\u00a0\u00bb show_date=\u00a0\u00bboff\u00a0\u00bb show_categories=\u00a0\u00bboff\u00a0\u00bb show_pagination=\u00a0\u00bboff\u00a0\u00bb _builder_version=\u00a0\u00bb4.16&Prime; _module_preset=\u00a0\u00bbdefault\u00a0\u00bb global_colors_info=\u00a0\u00bb{}\u00a0\u00bb][\/et_pb_blog][\/et_pb_column][et_pb_column type=\u00a0\u00bb1_2&Prime; _builder_version=\u00a0\u00bb4.16&Prime; _module_preset=\u00a0\u00bbdefault\u00a0\u00bb global_colors_info=\u00a0\u00bb{}\u00a0\u00bb][et_pb_blog posts_number=\u00a0\u00bb1&Prime; include_categories=\u00a0\u00bb18&Prime; excerpt_length=\u00a0\u00bb120&Prime; show_author=\u00a0\u00bboff\u00a0\u00bb show_date=\u00a0\u00bboff\u00a0\u00bb show_categories=\u00a0\u00bboff\u00a0\u00bb show_pagination=\u00a0\u00bboff\u00a0\u00bb _builder_version=\u00a0\u00bb4.16&Prime; _module_preset=\u00a0\u00bbdefault\u00a0\u00bb global_colors_info=\u00a0\u00bb{}\u00a0\u00bb][\/et_pb_blog][\/et_pb_column][\/et_pb_row][\/et_pb_section]<\/p>\n","protected":false},"excerpt":{"rendered":"<p>Perspicaces au niveau des donn\u00e9es, convaincants sur le plan conc\u00e9ption Marketing, D\u00e9veloppement, &amp; Strat\u00e9gie &nbsp;Datasign Marketing est n\u00e9 de deux parties d&rsquo;un diagramme de Venn. Un esprit technique et une imagination cr\u00e9ative se sont r\u00e9unis pour \u00e9laborer des strat\u00e9gies uniques de r\u00e9solution de probl\u00e8mes pour les besoins de chaque client. Nos conceptions de marque sont [&hellip;]<\/p>\n","protected":false},"author":2,"featured_media":0,"parent":0,"menu_order":0,"comment_status":"closed","ping_status":"closed","template":"","meta":{"_et_pb_use_builder":"on","_et_pb_old_content":"","_et_gb_content_width":"","footnotes":""},"class_list":["post-861","page","type-page","status-publish","hentry"],"yoast_head":"<!-- This site is optimized with the Yoast SEO plugin v27.2 - https:\/\/yoast.com\/product\/yoast-seo-wordpress\/ -->\n<title>\u00c0 propos de notre agence marketing - Datasign Marketing<\/title>\n<meta name=\"robots\" content=\"index, follow, max-snippet:-1, max-image-preview:large, max-video-preview:-1\" \/>\n<link rel=\"canonical\" href=\"https:\/\/datasignmarketing.com\/fr\/a-propos\/\" \/>\n<meta property=\"og:locale\" content=\"fr_FR\" \/>\n<meta property=\"og:type\" content=\"article\" \/>\n<meta property=\"og:title\" content=\"\u00c0 propos de notre agence marketing - Datasign Marketing\" \/>\n<meta property=\"og:description\" content=\"Perspicaces au niveau des donn\u00e9es, convaincants sur le plan conc\u00e9ption Marketing, D\u00e9veloppement, &amp; Strat\u00e9gie &nbsp;Datasign Marketing est n\u00e9 de deux parties d&#039;un diagramme de Venn. Un esprit technique et une imagination cr\u00e9ative se sont r\u00e9unis pour \u00e9laborer des strat\u00e9gies uniques de r\u00e9solution de probl\u00e8mes pour les besoins de chaque client. Nos conceptions de marque sont [&hellip;]\" \/>\n<meta property=\"og:url\" content=\"https:\/\/datasignmarketing.com\/fr\/a-propos\/\" \/>\n<meta property=\"og:site_name\" content=\"Datasign Marketing\" \/>\n<meta property=\"article:publisher\" content=\"https:\/\/www.facebook.com\/datasignmarketing\" \/>\n<meta property=\"article:modified_time\" content=\"2024-01-28T00:09:22+00:00\" \/>\n<meta name=\"twitter:card\" content=\"summary_large_image\" \/>\n<meta name=\"twitter:label1\" content=\"Dur\u00e9e de lecture estim\u00e9e\" \/>\n\t<meta name=\"twitter:data1\" content=\"5 minutes\" \/>\n<script type=\"application\/ld+json\" class=\"yoast-schema-graph\">{\"@context\":\"https:\/\/schema.org\",\"@graph\":[{\"@type\":\"WebPage\",\"@id\":\"https:\/\/datasignmarketing.com\/fr\/a-propos\/\",\"url\":\"https:\/\/datasignmarketing.com\/fr\/a-propos\/\",\"name\":\"\u00c0 propos de notre agence marketing - Datasign Marketing\",\"isPartOf\":{\"@id\":\"https:\/\/datasignmarketing.com\/fr\/#website\"},\"datePublished\":\"2022-01-28T07:05:56+00:00\",\"dateModified\":\"2024-01-28T00:09:22+00:00\",\"breadcrumb\":{\"@id\":\"https:\/\/datasignmarketing.com\/fr\/a-propos\/#breadcrumb\"},\"inLanguage\":\"fr-FR\",\"potentialAction\":[{\"@type\":\"ReadAction\",\"target\":[\"https:\/\/datasignmarketing.com\/fr\/a-propos\/\"]}]},{\"@type\":\"BreadcrumbList\",\"@id\":\"https:\/\/datasignmarketing.com\/fr\/a-propos\/#breadcrumb\",\"itemListElement\":[{\"@type\":\"ListItem\",\"position\":1,\"name\":\"Home\",\"item\":\"https:\/\/datasignmarketing.com\/fr\/marketing-numerique-axe-sur-les-donnees\/\"},{\"@type\":\"ListItem\",\"position\":2,\"name\":\"\u00c0 propos de notre agence marketing\"}]},{\"@type\":\"WebSite\",\"@id\":\"https:\/\/datasignmarketing.com\/fr\/#website\",\"url\":\"https:\/\/datasignmarketing.com\/fr\/\",\"name\":\"Datasign Marketing\",\"description\":\"Backed by data, Driven by design.\",\"publisher\":{\"@id\":\"https:\/\/datasignmarketing.com\/fr\/#organization\"},\"potentialAction\":[{\"@type\":\"SearchAction\",\"target\":{\"@type\":\"EntryPoint\",\"urlTemplate\":\"https:\/\/datasignmarketing.com\/fr\/?s={search_term_string}\"},\"query-input\":{\"@type\":\"PropertyValueSpecification\",\"valueRequired\":true,\"valueName\":\"search_term_string\"}}],\"inLanguage\":\"fr-FR\"},{\"@type\":\"Organization\",\"@id\":\"https:\/\/datasignmarketing.com\/fr\/#organization\",\"name\":\"Datasign Marketing\",\"url\":\"https:\/\/datasignmarketing.com\/fr\/\",\"logo\":{\"@type\":\"ImageObject\",\"inLanguage\":\"fr-FR\",\"@id\":\"https:\/\/datasignmarketing.com\/fr\/#\/schema\/logo\/image\/\",\"url\":\"https:\/\/datasignmarketing.com\/wp-content\/uploads\/2024\/01\/DSM-Logo-150x150-1.webp\",\"contentUrl\":\"https:\/\/datasignmarketing.com\/wp-content\/uploads\/2024\/01\/DSM-Logo-150x150-1.webp\",\"width\":150,\"height\":150,\"caption\":\"Datasign Marketing\"},\"image\":{\"@id\":\"https:\/\/datasignmarketing.com\/fr\/#\/schema\/logo\/image\/\"},\"sameAs\":[\"https:\/\/www.facebook.com\/datasignmarketing\"]}]}<\/script>\n<!-- \/ Yoast SEO plugin. -->","yoast_head_json":{"title":"\u00c0 propos de notre agence marketing - Datasign Marketing","robots":{"index":"index","follow":"follow","max-snippet":"max-snippet:-1","max-image-preview":"max-image-preview:large","max-video-preview":"max-video-preview:-1"},"canonical":"https:\/\/datasignmarketing.com\/fr\/a-propos\/","og_locale":"fr_FR","og_type":"article","og_title":"\u00c0 propos de notre agence marketing - Datasign Marketing","og_description":"Perspicaces au niveau des donn\u00e9es, convaincants sur le plan conc\u00e9ption Marketing, D\u00e9veloppement, &amp; Strat\u00e9gie &nbsp;Datasign Marketing est n\u00e9 de deux parties d'un diagramme de Venn. Un esprit technique et une imagination cr\u00e9ative se sont r\u00e9unis pour \u00e9laborer des strat\u00e9gies uniques de r\u00e9solution de probl\u00e8mes pour les besoins de chaque client. Nos conceptions de marque sont [&hellip;]","og_url":"https:\/\/datasignmarketing.com\/fr\/a-propos\/","og_site_name":"Datasign Marketing","article_publisher":"https:\/\/www.facebook.com\/datasignmarketing","article_modified_time":"2024-01-28T00:09:22+00:00","twitter_card":"summary_large_image","twitter_misc":{"Dur\u00e9e de lecture estim\u00e9e":"5 minutes"},"schema":{"@context":"https:\/\/schema.org","@graph":[{"@type":"WebPage","@id":"https:\/\/datasignmarketing.com\/fr\/a-propos\/","url":"https:\/\/datasignmarketing.com\/fr\/a-propos\/","name":"\u00c0 propos de notre agence marketing - Datasign Marketing","isPartOf":{"@id":"https:\/\/datasignmarketing.com\/fr\/#website"},"datePublished":"2022-01-28T07:05:56+00:00","dateModified":"2024-01-28T00:09:22+00:00","breadcrumb":{"@id":"https:\/\/datasignmarketing.com\/fr\/a-propos\/#breadcrumb"},"inLanguage":"fr-FR","potentialAction":[{"@type":"ReadAction","target":["https:\/\/datasignmarketing.com\/fr\/a-propos\/"]}]},{"@type":"BreadcrumbList","@id":"https:\/\/datasignmarketing.com\/fr\/a-propos\/#breadcrumb","itemListElement":[{"@type":"ListItem","position":1,"name":"Home","item":"https:\/\/datasignmarketing.com\/fr\/marketing-numerique-axe-sur-les-donnees\/"},{"@type":"ListItem","position":2,"name":"\u00c0 propos de notre agence marketing"}]},{"@type":"WebSite","@id":"https:\/\/datasignmarketing.com\/fr\/#website","url":"https:\/\/datasignmarketing.com\/fr\/","name":"Datasign Marketing","description":"Backed by data, Driven by design.","publisher":{"@id":"https:\/\/datasignmarketing.com\/fr\/#organization"},"potentialAction":[{"@type":"SearchAction","target":{"@type":"EntryPoint","urlTemplate":"https:\/\/datasignmarketing.com\/fr\/?s={search_term_string}"},"query-input":{"@type":"PropertyValueSpecification","valueRequired":true,"valueName":"search_term_string"}}],"inLanguage":"fr-FR"},{"@type":"Organization","@id":"https:\/\/datasignmarketing.com\/fr\/#organization","name":"Datasign Marketing","url":"https:\/\/datasignmarketing.com\/fr\/","logo":{"@type":"ImageObject","inLanguage":"fr-FR","@id":"https:\/\/datasignmarketing.com\/fr\/#\/schema\/logo\/image\/","url":"https:\/\/datasignmarketing.com\/wp-content\/uploads\/2024\/01\/DSM-Logo-150x150-1.webp","contentUrl":"https:\/\/datasignmarketing.com\/wp-content\/uploads\/2024\/01\/DSM-Logo-150x150-1.webp","width":150,"height":150,"caption":"Datasign Marketing"},"image":{"@id":"https:\/\/datasignmarketing.com\/fr\/#\/schema\/logo\/image\/"},"sameAs":["https:\/\/www.facebook.com\/datasignmarketing"]}]}},"_links":{"self":[{"href":"https:\/\/datasignmarketing.com\/fr\/wp-json\/wp\/v2\/pages\/861","targetHints":{"allow":["GET"]}}],"collection":[{"href":"https:\/\/datasignmarketing.com\/fr\/wp-json\/wp\/v2\/pages"}],"about":[{"href":"https:\/\/datasignmarketing.com\/fr\/wp-json\/wp\/v2\/types\/page"}],"author":[{"embeddable":true,"href":"https:\/\/datasignmarketing.com\/fr\/wp-json\/wp\/v2\/users\/2"}],"replies":[{"embeddable":true,"href":"https:\/\/datasignmarketing.com\/fr\/wp-json\/wp\/v2\/comments?post=861"}],"version-history":[{"count":0,"href":"https:\/\/datasignmarketing.com\/fr\/wp-json\/wp\/v2\/pages\/861\/revisions"}],"wp:attachment":[{"href":"https:\/\/datasignmarketing.com\/fr\/wp-json\/wp\/v2\/media?parent=861"}],"curies":[{"name":"wp","href":"https:\/\/api.w.org\/{rel}","templated":true}]}}