{"id":882,"date":"2022-03-20T23:22:00","date_gmt":"2022-03-20T23:22:00","guid":{"rendered":"https:\/\/datasignmarketing.com\/nos-services\/"},"modified":"2024-02-12T17:01:03","modified_gmt":"2024-02-12T17:01:03","slug":"nos-services","status":"publish","type":"page","link":"https:\/\/datasignmarketing.com\/fr\/nos-services\/","title":{"rendered":"Nos services"},"content":{"rendered":"<p>[et_pb_section fb_built=\u00a0\u00bb1&Prime; _builder_version=\u00a0\u00bb4.16&Prime; _module_preset=\u00a0\u00bbdefault\u00a0\u00bb use_background_color_gradient=\u00a0\u00bbon\u00a0\u00bb background_color_gradient_direction=\u00a0\u00bb90deg\u00a0\u00bb background_color_gradient_stops=\u00a0\u00bbrgba(255,255,255,0) 0%|#ffffff 83%\u00a0\u00bb background_color_gradient_overlays_image=\u00a0\u00bbon\u00a0\u00bb background_color_gradient_start=\u00a0\u00bbrgba(255,255,255,0)\u00a0\u00bb background_color_gradient_end=\u00a0\u00bb#ffffff\u00a0\u00bb background_color_gradient_end_position=\u00a0\u00bb83%\u00a0\u00bb background_image=\u00a0\u00bbhttps:\/\/datasignmarketing.com\/wp-content\/uploads\/2022\/01\/DatasignMarketingServicesHeader-scaled.jpg\u00a0\u00bb global_colors_info=\u00a0\u00bb{}\u00a0\u00bb][et_pb_row _builder_version=\u00a0\u00bb4.16&Prime; _module_preset=\u00a0\u00bbdefault\u00a0\u00bb global_colors_info=\u00a0\u00bb{}\u00a0\u00bb][et_pb_column type=\u00a0\u00bb4_4&Prime; _builder_version=\u00a0\u00bb4.16&Prime; _module_preset=\u00a0\u00bbdefault\u00a0\u00bb global_colors_info=\u00a0\u00bb{}\u00a0\u00bb][dfadh_heading_anim fancy_text_anim=\u00a0\u00bbtype-word-slide-left\u00a0\u00bb title_prefix=\u00a0\u00bbYour Business is Special\u00a0\u00bb fency_text_list=\u00a0\u00bb%91{%22value%22:%22Let&rsquo;s Tell Everyone!%22,%22checked%22:0,%22dragID%22:-1}%93&Prime; title_suffix=\u00a0\u00bbExplore OUr Services\u00a0\u00bb spring_anim_mass=\u00a0\u00bb6&Prime; spring_anim_stiffness=\u00a0\u00bb45&Prime; spring_anim_damping=\u00a0\u00bb12&Prime; spring_anim_velocity=\u00a0\u00bb3&Prime; title_prefix_block=\u00a0\u00bbblock\u00a0\u00bb title_infix_block=\u00a0\u00bbblock\u00a0\u00bb infix_alignment=\u00a0\u00bbright\u00a0\u00bb prefix_background_color_gradient_1=\u00a0\u00bb#FFFFFF\u00a0\u00bb prefix_background_color_gradient_2=\u00a0\u00bbRGBA(255,255,255,0)\u00a0\u00bb prefix_background_gradient_direction=\u00a0\u00bb90deg\u00a0\u00bb prefix_background_above_image=\u00a0\u00bboff\u00a0\u00bb _builder_version=\u00a0\u00bb4.16&Prime; _module_preset=\u00a0\u00bbdefault\u00a0\u00bb title_text_align=\u00a0\u00bbright\u00a0\u00bb title_text_color=\u00a0\u00bb#000000&Prime; title_font_size=\u00a0\u00bb3.6vw\u00a0\u00bb title_letter_spacing=\u00a0\u00bb0.1em\u00a0\u00bb t_infix_font=\u00a0\u00bb|700|||||||\u00a0\u00bb module_alignment=\u00a0\u00bbright\u00a0\u00bb title_font_size_tablet=\u00a0\u00bb3.6vw\u00a0\u00bb title_font_size_phone=\u00a0\u00bb4.1vw\u00a0\u00bb title_font_size_last_edited=\u00a0\u00bbon|phone\u00a0\u00bb global_colors_info=\u00a0\u00bb{}\u00a0\u00bb][\/dfadh_heading_anim][\/et_pb_column][\/et_pb_row][\/et_pb_section][et_pb_section fb_built=\u00a0\u00bb1&Prime; inner_shadow=\u00a0\u00bbon\u00a0\u00bb _builder_version=\u00a0\u00bb4.16&Prime; _module_preset=\u00a0\u00bbdefault\u00a0\u00bb background_enable_color=\u00a0\u00bboff\u00a0\u00bb background_color_gradient_direction=\u00a0\u00bb90deg\u00a0\u00bb background_color_gradient_start=\u00a0\u00bb#ffffff\u00a0\u00bb background_color_gradient_end=\u00a0\u00bb#000000&Prime; custom_margin=\u00a0\u00bb0px||0px||false|false\u00a0\u00bb custom_padding=\u00a0\u00bb0px||0px||false|false\u00a0\u00bb global_colors_info=\u00a0\u00bb{}\u00a0\u00bb][et_pb_row column_structure=\u00a0\u00bb1_2,1_2&Prime; make_equal=\u00a0\u00bbon\u00a0\u00bb _builder_version=\u00a0\u00bb4.16&Prime; _module_preset=\u00a0\u00bbdefault\u00a0\u00bb background_enable_color=\u00a0\u00bboff\u00a0\u00bb background_color_gradient_direction=\u00a0\u00bb90deg\u00a0\u00bb background_color_gradient_start=\u00a0\u00bb#000000&Prime; background_color_gradient_end=\u00a0\u00bb#ffffff\u00a0\u00bb width=\u00a0\u00bb100%\u00a0\u00bb module_alignment=\u00a0\u00bbcenter\u00a0\u00bb custom_margin=\u00a0\u00bb0px||0px||false|false\u00a0\u00bb custom_padding=\u00a0\u00bb0px||0px||false|false\u00a0\u00bb custom_css_main_element=\u00a0\u00bbalign-items: center;\t\u00a0\u00bb global_colors_info=\u00a0\u00bb{}\u00a0\u00bb][et_pb_column type=\u00a0\u00bb1_2&Prime; _builder_version=\u00a0\u00bb4.16&Prime; _module_preset=\u00a0\u00bbdefault\u00a0\u00bb background_color=\u00a0\u00bb#000000&Prime; custom_padding=\u00a0\u00bb1em||||false|false\u00a0\u00bb global_colors_info=\u00a0\u00bb{}\u00a0\u00bb][et_pb_text _builder_version=\u00a0\u00bb4.24.0&Prime; _module_preset=\u00a0\u00bbdefault\u00a0\u00bb header_2_text_align=\u00a0\u00bbcenter\u00a0\u00bb header_2_text_color=\u00a0\u00bb#FFFFFF\u00a0\u00bb header_2_font_size=\u00a0\u00bb4vw\u00a0\u00bb header_2_letter_spacing=\u00a0\u00bb0.2em\u00a0\u00bb background_enable_color=\u00a0\u00bboff\u00a0\u00bb custom_padding=\u00a0\u00bb2em||2em||true|false\u00a0\u00bb hover_enabled=\u00a0\u00bb0&Prime; global_colors_info=\u00a0\u00bb{}\u00a0\u00bb sticky_enabled=\u00a0\u00bb0&Prime;]<\/p>\n<h1 style=\"font-size:4vw; color: #FFFFFF; letter-spacing:0.2em; text-align:center; font-family: 'Lato',Helvetica,Arial,Lucida,sans-serif; padding-bottom: 10px;\n  line-height: 1em;\">Comment pouvons-nous acc\u00e9l\u00e9rer votre croissance ?<\/h1>\n<p>[\/et_pb_text][\/et_pb_column][et_pb_column type=\u00a0\u00bb1_2&Prime; _builder_version=\u00a0\u00bb4.16&Prime; _module_preset=\u00a0\u00bbdefault\u00a0\u00bb background_color=\u00a0\u00bbRGBA(255,255,255,0)\u00a0\u00bb global_colors_info=\u00a0\u00bb{}\u00a0\u00bb][et_pb_text _builder_version=\u00a0\u00bb4.16&Prime; _module_preset=\u00a0\u00bbdefault\u00a0\u00bb text_font_size=\u00a0\u00bb18px\u00a0\u00bb text_line_height=\u00a0\u00bb1.6em\u00a0\u00bb custom_padding=\u00a0\u00bb4em|4vw|4em|4vw|false|true\u00a0\u00bb custom_padding_tablet=\u00a0\u00bb1em|4vw|1em|4vw|true|true\u00a0\u00bb custom_padding_phone=\u00a0\u00bb1em|4vw|1em|4vw|true|true\u00a0\u00bb custom_padding_last_edited=\u00a0\u00bbon|desktop\u00a0\u00bb text_font_size_tablet=\u00a0\u00bb18px\u00a0\u00bb text_font_size_phone=\u00a0\u00bb16px\u00a0\u00bb text_font_size_last_edited=\u00a0\u00bbon|phone\u00a0\u00bb global_colors_info=\u00a0\u00bb{}\u00a0\u00bb]<\/p>\n<p style=\"text-align: center;\">Datasign Marketing se distingue par la combinaison d&rsquo;esprits cr\u00e9atifs et analytiques au m\u00eame endroit. Nous apprenons \u00e0 conna\u00eetre votre entreprise et la valeur qu&rsquo;elle cr\u00e9e, ce qui nous permet de comprendre non seulement vos d\u00e9sirs et vos besoins, mais aussi ceux de vos clients.<\/p>\n<p>[\/et_pb_text][\/et_pb_column][\/et_pb_row][\/et_pb_section][et_pb_section fb_built=\u00a0\u00bb1&Prime; _builder_version=\u00a0\u00bb4.16&Prime; _module_preset=\u00a0\u00bbdefault\u00a0\u00bb custom_margin=\u00a0\u00bb0px||||false|false\u00a0\u00bb custom_padding=\u00a0\u00bb0px||22px||false|false\u00a0\u00bb global_colors_info=\u00a0\u00bb{}\u00a0\u00bb][et_pb_row column_structure=\u00a0\u00bb1_3,1_3,1_3&Prime; use_custom_gutter=\u00a0\u00bbon\u00a0\u00bb gutter_width=\u00a0\u00bb4&Prime; make_equal=\u00a0\u00bbon\u00a0\u00bb _builder_version=\u00a0\u00bb4.16&Prime; _module_preset=\u00a0\u00bbdefault\u00a0\u00bb module_alignment=\u00a0\u00bbcenter\u00a0\u00bb custom_margin=\u00a0\u00bb|auto||250px||\u00a0\u00bb custom_padding=\u00a0\u00bb||0px||false|false\u00a0\u00bb global_colors_info=\u00a0\u00bb{}\u00a0\u00bb][et_pb_column type=\u00a0\u00bb1_3&Prime; _builder_version=\u00a0\u00bb4.16&Prime; _module_preset=\u00a0\u00bbdefault\u00a0\u00bb global_colors_info=\u00a0\u00bb{}\u00a0\u00bb][et_pb_blurb image=\u00a0\u00bbhttps:\/\/datasignmarketing.com\/wp-content\/uploads\/2022\/03\/data-dashboard-01.png\u00a0\u00bb alt=\u00a0\u00bbVisualisation et diagrammes\u00a0\u00bb _builder_version=\u00a0\u00bb4.16&Prime; _module_preset=\u00a0\u00bbdefault\u00a0\u00bb custom_padding=\u00a0\u00bb|5px||5px|false|true\u00a0\u00bb border_width_right=\u00a0\u00bb1px\u00a0\u00bb border_color_right=\u00a0\u00bb#808193&Prime; border_style_right=\u00a0\u00bbnone\u00a0\u00bb border_color_left=\u00a0\u00bb#808193&Prime; global_colors_info=\u00a0\u00bb{}\u00a0\u00bb]<\/p>\n<h3 style=\"text-align: center;\">INTELLIGENCE D&rsquo;AFFAIRES<\/h3>\n<p style=\"text-align: center;\">Analyser et tirer des conclusions de vos donn\u00e9es op\u00e9rationnelles, qu&rsquo;il s&rsquo;agisse des ventes, de l&rsquo;utilisation des produits, des frais d&rsquo;exp\u00e9dition ou de la composition sociod\u00e9mographique de votre top segment de client\u00e8le<\/p>\n<h3 style=\"text-align: center;\">Tableaux de bord<\/h3>\n<p style=\"text-align: center;\">Automatisation du processus d&rsquo;affichage des informations op\u00e9rationnelles, de la d\u00e9finition des KPI et de l&rsquo;identification des m\u00e9triques n\u00e9cessaires, \u00e0 l&rsquo;automatisation de l&rsquo;analyse personnalis\u00e9e, des tendances et de la planification des capacit\u00e9s.<\/p>\n<p>[\/et_pb_blurb][\/et_pb_column][et_pb_column type=\u00a0\u00bb1_3&Prime; _builder_version=\u00a0\u00bb4.16&Prime; _module_preset=\u00a0\u00bbdefault\u00a0\u00bb global_colors_info=\u00a0\u00bb{}\u00a0\u00bb][et_pb_blurb image=\u00a0\u00bbhttps:\/\/datasignmarketing.com\/wp-content\/uploads\/2022\/03\/Logo-Design-01.png\u00a0\u00bb _builder_version=\u00a0\u00bb4.16&Prime; _module_preset=\u00a0\u00bbdefault\u00a0\u00bb module_alignment=\u00a0\u00bbcenter\u00a0\u00bb custom_padding=\u00a0\u00bb|3px||3px|false|false\u00a0\u00bb global_colors_info=\u00a0\u00bb{}\u00a0\u00bb]<\/p>\n<h3 style=\"text-align: center;\">Image de marque<\/h3>\n<p style=\"text-align: center;\">Conseil en strat\u00e9gie et identit\u00e9 pour fournir la conception de logo, la typographie, les palettes de couleurs et positionnement sur le march\u00e9, pour une image de marque coh\u00e9rente et compl\u00e8te.<\/p>\n<h3 style=\"text-align: center;\">Conception et d\u00e9veloppement de sites Web<\/h3>\n<p style=\"text-align: center;\">Conception Web fonctionnelle et r\u00e9active, bas\u00e9e sur WordPress et WooCommerce, ou sur les solutions de commerce \u00e9lectronique Shopify. Int\u00e9gration technologique pour l&rsquo;analyse, l&rsquo;intelligence et le marketing.<\/p>\n<p>[\/et_pb_blurb][\/et_pb_column][et_pb_column type=\u00a0\u00bb1_3&Prime; _builder_version=\u00a0\u00bb4.16&Prime; _module_preset=\u00a0\u00bbdefault\u00a0\u00bb global_colors_info=\u00a0\u00bb{}\u00a0\u00bb][et_pb_blurb image=\u00a0\u00bbhttps:\/\/datasignmarketing.com\/wp-content\/uploads\/2022\/03\/Marketing-Services-01.png\u00a0\u00bb _builder_version=\u00a0\u00bb4.16&Prime; _module_preset=\u00a0\u00bbdefault\u00a0\u00bb global_colors_info=\u00a0\u00bb{}\u00a0\u00bb]<\/p>\n<h3 style=\"text-align: center;\"><a href=\"https:\/\/datasignmarketing.com\/fr\/services-de-marketing-par-courriel\/\">Marketing par courriel<\/a><\/h3>\n<p style=\"text-align: center;\">Strat\u00e9gies de cr\u00e9ation de listes et d&rsquo;entonnoirs, d\u00e9veloppement de campagnes, automatisation et conception de courriels avec appels \u00e0 l&rsquo;action efficaces pour augmenter les taux d&rsquo;ouverture et envoyer du trafic vers votre site Web.<\/p>\n<h3 style=\"text-align: center;\">Mark\u00e9ting de contenu<\/h3>\n<p style=\"text-align: center;\">Planification de blogs, r\u00e9daction de contenu, publications sur les r\u00e9seaux sociaux et strat\u00e9gie de contenu pour renforcer les campagnes de sensibilisation, de consid\u00e9ration et de prise de d\u00e9cision.<\/p>\n<p>[\/et_pb_blurb][\/et_pb_column][\/et_pb_row][\/et_pb_section][et_pb_section fb_built=\u00a0\u00bb1&Prime; _builder_version=\u00a0\u00bb4.16&Prime; _module_preset=\u00a0\u00bbdefault\u00a0\u00bb custom_margin=\u00a0\u00bb0px||||false|false\u00a0\u00bb custom_padding=\u00a0\u00bb0px||||false|false\u00a0\u00bb global_colors_info=\u00a0\u00bb{}\u00a0\u00bb][et_pb_row column_structure=\u00a0\u00bb1_2,1_2&Prime; use_custom_gutter=\u00a0\u00bbon\u00a0\u00bb gutter_width=\u00a0\u00bb4&Prime; make_equal=\u00a0\u00bbon\u00a0\u00bb _builder_version=\u00a0\u00bb4.16&Prime; _module_preset=\u00a0\u00bbdefault\u00a0\u00bb background_enable_color=\u00a0\u00bboff\u00a0\u00bb module_alignment=\u00a0\u00bbcenter\u00a0\u00bb custom_padding=\u00a0\u00bb||||true|false\u00a0\u00bb global_colors_info=\u00a0\u00bb{}\u00a0\u00bb][et_pb_column type=\u00a0\u00bb1_2&Prime; _builder_version=\u00a0\u00bb4.16&Prime; _module_preset=\u00a0\u00bbdefault\u00a0\u00bb background_color=\u00a0\u00bb#9deaea\u00a0\u00bb border_width_all=\u00a0\u00bb8px\u00a0\u00bb global_colors_info=\u00a0\u00bb{}\u00a0\u00bb][et_pb_image src=\u00a0\u00bbhttps:\/\/datasignmarketing.com\/wp-content\/uploads\/2022\/02\/ContactDatasignPhone-240&#215;300.jpg\u00a0\u00bb alt=\u00a0\u00bbContact Us Phone\u00a0\u00bb title_text=\u00a0\u00bbContactDatasignPhone\u00a0\u00bb align=\u00a0\u00bbcenter\u00a0\u00bb _builder_version=\u00a0\u00bb4.16&Prime; _module_preset=\u00a0\u00bbdefault\u00a0\u00bb global_colors_info=\u00a0\u00bb{}\u00a0\u00bb][\/et_pb_image][\/et_pb_column][et_pb_column type=\u00a0\u00bb1_2&Prime; _builder_version=\u00a0\u00bb4.16&Prime; _module_preset=\u00a0\u00bbdefault\u00a0\u00bb custom_padding=\u00a0\u00bb1px||1px||true|false\u00a0\u00bb global_colors_info=\u00a0\u00bb{}\u00a0\u00bb][et_pb_text _builder_version=\u00a0\u00bb4.16&Prime; _module_preset=\u00a0\u00bbdefault\u00a0\u00bb custom_padding=\u00a0\u00bb2em||2em||true|false\u00a0\u00bb global_colors_info=\u00a0\u00bb{}\u00a0\u00bb]<\/p>\n<h3>Pr\u00eat a parler <strong>strat\u00e9gie ?<\/strong><\/h3>\n<p><span>Parlons de votre entreprise ! Nous commen\u00e7ons par une conversation sur vous et vos activit\u00e9s une discussion sur comment travailler ensemble pour rencontrer vos objectifs commerciaux.<\/span><span><\/span><\/p>\n<p>[\/et_pb_text][et_pb_button button_url=\u00a0\u00bb@ET-DC@eyJkeW5hbWljIjp0cnVlLCJjb250ZW50IjoicG9zdF9saW5rX3VybF9wYWdlIiwic2V0dGluZ3MiOnsicG9zdF9pZCI6IjExOSJ9fQ==@\u00a0\u00bb button_text=\u00a0\u00bbProgrammer un appel\u00a0\u00bb button_alignment=\u00a0\u00bbright\u00a0\u00bb button_alignment_tablet=\u00a0\u00bbcenter\u00a0\u00bb button_alignment_phone=\u00a0\u00bbcenter\u00a0\u00bb button_alignment_last_edited=\u00a0\u00bbon|desktop\u00a0\u00bb _builder_version=\u00a0\u00bb4.16&Prime; _dynamic_attributes=\u00a0\u00bbbutton_url\u00a0\u00bb _module_preset=\u00a0\u00bbdefault\u00a0\u00bb custom_button=\u00a0\u00bbon\u00a0\u00bb button_text_size=\u00a0\u00bb18px\u00a0\u00bb button_text_color=\u00a0\u00bb#9FF9F9&Prime; button_bg_color=\u00a0\u00bb#000000&Prime; button_border_width=\u00a0\u00bb4px\u00a0\u00bb button_border_radius=\u00a0\u00bb100px\u00a0\u00bb button_letter_spacing=\u00a0\u00bb2px\u00a0\u00bb button_font=\u00a0\u00bb||||||||\u00a0\u00bb button_icon=\u00a0\u00bb&#xe090;||divi||400&Prime; button_icon_color=\u00a0\u00bb#9FF9F9&Prime; custom_margin=\u00a0\u00bb0px||0px||false|false\u00a0\u00bb custom_padding=\u00a0\u00bb||||false|false\u00a0\u00bb global_colors_info=\u00a0\u00bb{}\u00a0\u00bb][\/et_pb_button][\/et_pb_column][\/et_pb_row][\/et_pb_section]<\/p>\n","protected":false},"excerpt":{"rendered":"<p><div class=\"et_pb_module dfadh_heading_anim dfadh_heading_anim_0\">\n\t\t\t\t\n\t\t\t\t\n\t\t\t\t\n\t\t\t\t\n\t\t\t\t\n\t\t\t\t\n\t\t\t\t<div class=\"et_pb_module_inner\">\n\t\t\t\t\t<div class=\"df-anim-heading-container\">\n                <h4 class=\"headline-animation word type-word-slide-left\" data-anmi='{\"transition_type\":\"word\",\"animation_type\":\"type-word-slide-left\",\"delay\":500,\"duration\":1000,\"easing\":\"none\",\"mass\":6,\"stiffness\":45,\"damping\":12,\"velocity\":3}' ><span class=\"prefix\">Your Business is Special<\/span> <span class=\"infix words-wrapper\"><span class=\"is-visible\">Let's Tell Everyone!<\/span><\/span> <span class=\"suffix\">Explore OUr Services<\/span><\/h4>\n            <\/div>\n\t\t\t\t<\/div>\n\t\t\t<\/div>Comment pouvons-nous acc\u00e9l\u00e9rer votre croissance ?Datasign Marketing se distingue par la combinaison d&rsquo;esprits cr\u00e9atifs et analytiques au m\u00eame endroit. Nous apprenons [&hellip;]<\/p>\n","protected":false},"author":2,"featured_media":0,"parent":0,"menu_order":0,"comment_status":"closed","ping_status":"closed","template":"","meta":{"_et_pb_use_builder":"on","_et_pb_old_content":"","_et_gb_content_width":"","footnotes":""},"class_list":["post-882","page","type-page","status-publish","hentry"],"yoast_head":"<!-- This site is optimized with the Yoast SEO plugin v27.2 - https:\/\/yoast.com\/product\/yoast-seo-wordpress\/ -->\n<title>Nos services - Datasign Marketing<\/title>\n<meta name=\"robots\" content=\"index, follow, max-snippet:-1, max-image-preview:large, max-video-preview:-1\" \/>\n<link rel=\"canonical\" href=\"https:\/\/datasignmarketing.com\/fr\/nos-services\/\" \/>\n<meta property=\"og:locale\" content=\"fr_FR\" \/>\n<meta property=\"og:type\" content=\"article\" \/>\n<meta property=\"og:title\" content=\"Nos services - Datasign Marketing\" \/>\n<meta property=\"og:description\" content=\"Comment pouvons-nous acc\u00e9l\u00e9rer votre croissance ?Datasign Marketing se distingue par la combinaison d&#039;esprits cr\u00e9atifs et analytiques au m\u00eame endroit. Nous apprenons [&hellip;]\" \/>\n<meta property=\"og:url\" content=\"https:\/\/datasignmarketing.com\/fr\/nos-services\/\" \/>\n<meta property=\"og:site_name\" content=\"Datasign Marketing\" \/>\n<meta property=\"article:publisher\" content=\"https:\/\/www.facebook.com\/datasignmarketing\" \/>\n<meta property=\"article:modified_time\" content=\"2024-02-12T17:01:03+00:00\" \/>\n<meta name=\"twitter:card\" content=\"summary_large_image\" \/>\n<meta name=\"twitter:label1\" content=\"Dur\u00e9e de lecture estim\u00e9e\" \/>\n\t<meta name=\"twitter:data1\" content=\"6 minutes\" \/>\n<script type=\"application\/ld+json\" class=\"yoast-schema-graph\">{\"@context\":\"https:\/\/schema.org\",\"@graph\":[{\"@type\":\"WebPage\",\"@id\":\"https:\/\/datasignmarketing.com\/fr\/nos-services\/\",\"url\":\"https:\/\/datasignmarketing.com\/fr\/nos-services\/\",\"name\":\"Nos services - Datasign Marketing\",\"isPartOf\":{\"@id\":\"https:\/\/datasignmarketing.com\/fr\/#website\"},\"datePublished\":\"2022-03-20T23:22:00+00:00\",\"dateModified\":\"2024-02-12T17:01:03+00:00\",\"breadcrumb\":{\"@id\":\"https:\/\/datasignmarketing.com\/fr\/nos-services\/#breadcrumb\"},\"inLanguage\":\"fr-FR\",\"potentialAction\":[{\"@type\":\"ReadAction\",\"target\":[\"https:\/\/datasignmarketing.com\/fr\/nos-services\/\"]}]},{\"@type\":\"BreadcrumbList\",\"@id\":\"https:\/\/datasignmarketing.com\/fr\/nos-services\/#breadcrumb\",\"itemListElement\":[{\"@type\":\"ListItem\",\"position\":1,\"name\":\"Home\",\"item\":\"https:\/\/datasignmarketing.com\/fr\/marketing-numerique-axe-sur-les-donnees\/\"},{\"@type\":\"ListItem\",\"position\":2,\"name\":\"Nos services\"}]},{\"@type\":\"WebSite\",\"@id\":\"https:\/\/datasignmarketing.com\/fr\/#website\",\"url\":\"https:\/\/datasignmarketing.com\/fr\/\",\"name\":\"Datasign Marketing\",\"description\":\"Backed by data, Driven by design.\",\"publisher\":{\"@id\":\"https:\/\/datasignmarketing.com\/fr\/#organization\"},\"potentialAction\":[{\"@type\":\"SearchAction\",\"target\":{\"@type\":\"EntryPoint\",\"urlTemplate\":\"https:\/\/datasignmarketing.com\/fr\/?s={search_term_string}\"},\"query-input\":{\"@type\":\"PropertyValueSpecification\",\"valueRequired\":true,\"valueName\":\"search_term_string\"}}],\"inLanguage\":\"fr-FR\"},{\"@type\":\"Organization\",\"@id\":\"https:\/\/datasignmarketing.com\/fr\/#organization\",\"name\":\"Datasign Marketing\",\"url\":\"https:\/\/datasignmarketing.com\/fr\/\",\"logo\":{\"@type\":\"ImageObject\",\"inLanguage\":\"fr-FR\",\"@id\":\"https:\/\/datasignmarketing.com\/fr\/#\/schema\/logo\/image\/\",\"url\":\"https:\/\/datasignmarketing.com\/wp-content\/uploads\/2024\/01\/DSM-Logo-150x150-1.webp\",\"contentUrl\":\"https:\/\/datasignmarketing.com\/wp-content\/uploads\/2024\/01\/DSM-Logo-150x150-1.webp\",\"width\":150,\"height\":150,\"caption\":\"Datasign Marketing\"},\"image\":{\"@id\":\"https:\/\/datasignmarketing.com\/fr\/#\/schema\/logo\/image\/\"},\"sameAs\":[\"https:\/\/www.facebook.com\/datasignmarketing\"]}]}<\/script>\n<!-- \/ Yoast SEO plugin. -->","yoast_head_json":{"title":"Nos services - Datasign Marketing","robots":{"index":"index","follow":"follow","max-snippet":"max-snippet:-1","max-image-preview":"max-image-preview:large","max-video-preview":"max-video-preview:-1"},"canonical":"https:\/\/datasignmarketing.com\/fr\/nos-services\/","og_locale":"fr_FR","og_type":"article","og_title":"Nos services - Datasign Marketing","og_description":"Comment pouvons-nous acc\u00e9l\u00e9rer votre croissance ?Datasign Marketing se distingue par la combinaison d'esprits cr\u00e9atifs et analytiques au m\u00eame endroit. Nous apprenons [&hellip;]","og_url":"https:\/\/datasignmarketing.com\/fr\/nos-services\/","og_site_name":"Datasign Marketing","article_publisher":"https:\/\/www.facebook.com\/datasignmarketing","article_modified_time":"2024-02-12T17:01:03+00:00","twitter_card":"summary_large_image","twitter_misc":{"Dur\u00e9e de lecture estim\u00e9e":"6 minutes"},"schema":{"@context":"https:\/\/schema.org","@graph":[{"@type":"WebPage","@id":"https:\/\/datasignmarketing.com\/fr\/nos-services\/","url":"https:\/\/datasignmarketing.com\/fr\/nos-services\/","name":"Nos services - Datasign Marketing","isPartOf":{"@id":"https:\/\/datasignmarketing.com\/fr\/#website"},"datePublished":"2022-03-20T23:22:00+00:00","dateModified":"2024-02-12T17:01:03+00:00","breadcrumb":{"@id":"https:\/\/datasignmarketing.com\/fr\/nos-services\/#breadcrumb"},"inLanguage":"fr-FR","potentialAction":[{"@type":"ReadAction","target":["https:\/\/datasignmarketing.com\/fr\/nos-services\/"]}]},{"@type":"BreadcrumbList","@id":"https:\/\/datasignmarketing.com\/fr\/nos-services\/#breadcrumb","itemListElement":[{"@type":"ListItem","position":1,"name":"Home","item":"https:\/\/datasignmarketing.com\/fr\/marketing-numerique-axe-sur-les-donnees\/"},{"@type":"ListItem","position":2,"name":"Nos services"}]},{"@type":"WebSite","@id":"https:\/\/datasignmarketing.com\/fr\/#website","url":"https:\/\/datasignmarketing.com\/fr\/","name":"Datasign Marketing","description":"Backed by data, Driven by design.","publisher":{"@id":"https:\/\/datasignmarketing.com\/fr\/#organization"},"potentialAction":[{"@type":"SearchAction","target":{"@type":"EntryPoint","urlTemplate":"https:\/\/datasignmarketing.com\/fr\/?s={search_term_string}"},"query-input":{"@type":"PropertyValueSpecification","valueRequired":true,"valueName":"search_term_string"}}],"inLanguage":"fr-FR"},{"@type":"Organization","@id":"https:\/\/datasignmarketing.com\/fr\/#organization","name":"Datasign Marketing","url":"https:\/\/datasignmarketing.com\/fr\/","logo":{"@type":"ImageObject","inLanguage":"fr-FR","@id":"https:\/\/datasignmarketing.com\/fr\/#\/schema\/logo\/image\/","url":"https:\/\/datasignmarketing.com\/wp-content\/uploads\/2024\/01\/DSM-Logo-150x150-1.webp","contentUrl":"https:\/\/datasignmarketing.com\/wp-content\/uploads\/2024\/01\/DSM-Logo-150x150-1.webp","width":150,"height":150,"caption":"Datasign Marketing"},"image":{"@id":"https:\/\/datasignmarketing.com\/fr\/#\/schema\/logo\/image\/"},"sameAs":["https:\/\/www.facebook.com\/datasignmarketing"]}]}},"_links":{"self":[{"href":"https:\/\/datasignmarketing.com\/fr\/wp-json\/wp\/v2\/pages\/882","targetHints":{"allow":["GET"]}}],"collection":[{"href":"https:\/\/datasignmarketing.com\/fr\/wp-json\/wp\/v2\/pages"}],"about":[{"href":"https:\/\/datasignmarketing.com\/fr\/wp-json\/wp\/v2\/types\/page"}],"author":[{"embeddable":true,"href":"https:\/\/datasignmarketing.com\/fr\/wp-json\/wp\/v2\/users\/2"}],"replies":[{"embeddable":true,"href":"https:\/\/datasignmarketing.com\/fr\/wp-json\/wp\/v2\/comments?post=882"}],"version-history":[{"count":0,"href":"https:\/\/datasignmarketing.com\/fr\/wp-json\/wp\/v2\/pages\/882\/revisions"}],"wp:attachment":[{"href":"https:\/\/datasignmarketing.com\/fr\/wp-json\/wp\/v2\/media?parent=882"}],"curies":[{"name":"wp","href":"https:\/\/api.w.org\/{rel}","templated":true}]}}